{"id":2,"date":"2023-08-29T16:03:34","date_gmt":"2023-08-29T14:03:34","guid":{"rendered":"http:\/\/hay-formation-conseil.fr\/?page_id=2"},"modified":"2023-10-25T19:07:14","modified_gmt":"2023-10-25T17:07:14","slug":"page-d-exemple","status":"publish","type":"page","link":"https:\/\/hay-formation-conseil.fr\/index.php\/page-d-exemple\/","title":{"rendered":"Christian HAY, Formateur-Consultant"},"content":{"rendered":"\n<p><div id=\"siteWrapper\"><div class=\"row\"><div class=\"columns large-9\"><div class=\"row\"><div data-bloc-type=\"text\" class=\"columns large-6\"><div class=\"panel\"><p>Contact :<a href=\"mailto:hay.c@wanadoo.fr\">hay.c@wanadoo.fr<\/a><strong>                                                 <\/strong><img decoding=\"async\" data-id=\"24PXNexdwA4=\" data-media-type=\"img\" data-width=\"640\" src=\"https:\/\/monsite.woopic.com\/383\/p\/hay-formation\/img\/f18a2fcc3399f43ec8abb5bbe106fc7e.jpeg\" alt=\"photo\">L&#8217;offre  de formation s&#8217;adresse aux organismes de formation sp\u00e9cifique \u00e0 un  secteur ou directement \u00e0 une organisation ou une entreprise, elle se  construit sur trois rubriques<\/p><\/div><\/div><\/div><\/div><\/div><\/div><\/p>\n\n\n<div id=\"siteWrapper\">\n<div class=\"row\">\n<div class=\"columns large-9\">\n<div class=\"row\">\n<div class=\"columns large-6\" data-bloc-type=\"text\">\n<div class=\"panel\">\n<p><strong>1-Formation management <\/strong><\/p>\n<\/div>\n<\/div>\n<\/div>\n<\/div>\n<\/div>\n<\/div>\n<p>-se positionner en tant que chef d&#8217;\u00e9quipe<\/p>\n<p>-animer et diriger une \u00e9quipe<\/p>\n<p>-planifier et organiser le travail de son \u00e9quipe<\/p>\n<p>-le passage de coll\u00e8gue \u00e0 chef d&#8217;\u00e9quipe<\/p>\n\n<div id=\"siteWrapper\">\n<div class=\"row\">\n<div class=\"columns large-9\">\n<div class=\"row\">\n<div class=\"columns large-6\" data-bloc-type=\"text\">\n<div class=\"panel\">\n<p><strong>2-Pr\u00e9vention des risques psychosociaux<\/strong><\/p>\n<\/div>\n<\/div>\n<\/div>\n<\/div>\n<\/div>\n<\/div>\n\n<div id=\"siteWrapper\">\n<div class=\"row\">\n<div class=\"columns large-9\">\n<div class=\"row\">\n<div class=\"columns large-6\" data-bloc-type=\"text\">\n<div class=\"panel\">\n<p>-s&#8217;adapter aux mutations de son environnement professionnel<\/p>\n<p>-g\u00e9rer son stress<\/p>\n<p>-s&#8217;affirmer dans les relations professionnelles<\/p>\n<\/div>\n<\/div>\n<\/div>\n<\/div>\n<\/div>\n<\/div>\n\n<p><div id=\"siteWrapper\"><div class=\"row\"><div class=\"columns large-9\"><div class=\"row\"><div data-bloc-type=\"text\" class=\"columns large-6\"><div class=\"panel\"><p><strong>3-La communication dans le travail<\/strong><\/p><\/div><\/div><\/div><\/div><\/div><\/div><\/p>\n\n<div id=\"siteWrapper\">\n<div class=\"row\">\n<div class=\"columns large-9\">\n<div class=\"row\">\n<div class=\"columns large-6\" data-bloc-type=\"text\">\n<div class=\"panel\">\n<p>-l&#8217;humour comme outil de communication<\/p>\n<p>-l&#8217;humour dans la relation d&#8217;aide<\/p>\n<p>-g\u00e9rer l&#8217;agressivit\u00e9 des usagers<\/p>\n<p>-prendre la parole en public<\/p>\n<p>la communication inter-personnelle au travail<\/p>\n<\/div>\n<\/div>\n<\/div>\n<\/div>\n<\/div>\n<\/div>","protected":false},"excerpt":{"rendered":"<p>Contact :hay.c@wanadoo.fr L&#8217;offre de formation s&#8217;adresse aux organismes de formation sp\u00e9cifique \u00e0 un secteur ou directement \u00e0 une organisation ou une entreprise, elle se construit sur trois rubriques 1-Formation management -se positionner en tant que chef d&#8217;\u00e9quipe -animer et diriger une \u00e9quipe -planifier et organiser le travail de son \u00e9quipe -le passage de coll\u00e8gue \u00e0 [&hellip;]<\/p>\n","protected":false},"author":1,"featured_media":0,"parent":0,"menu_order":0,"comment_status":"closed","ping_status":"open","template":"","meta":{"footnotes":""},"class_list":["post-2","page","type-page","status-publish","hentry"],"_links":{"self":[{"href":"https:\/\/hay-formation-conseil.fr\/index.php\/wp-json\/wp\/v2\/pages\/2","targetHints":{"allow":["GET"]}}],"collection":[{"href":"https:\/\/hay-formation-conseil.fr\/index.php\/wp-json\/wp\/v2\/pages"}],"about":[{"href":"https:\/\/hay-formation-conseil.fr\/index.php\/wp-json\/wp\/v2\/types\/page"}],"author":[{"embeddable":true,"href":"https:\/\/hay-formation-conseil.fr\/index.php\/wp-json\/wp\/v2\/users\/1"}],"replies":[{"embeddable":true,"href":"https:\/\/hay-formation-conseil.fr\/index.php\/wp-json\/wp\/v2\/comments?post=2"}],"version-history":[{"count":2,"href":"https:\/\/hay-formation-conseil.fr\/index.php\/wp-json\/wp\/v2\/pages\/2\/revisions"}],"predecessor-version":[{"id":24,"href":"https:\/\/hay-formation-conseil.fr\/index.php\/wp-json\/wp\/v2\/pages\/2\/revisions\/24"}],"wp:attachment":[{"href":"https:\/\/hay-formation-conseil.fr\/index.php\/wp-json\/wp\/v2\/media?parent=2"}],"curies":[{"name":"wp","href":"https:\/\/api.w.org\/{rel}","templated":true}]}}