{"id":14,"date":"2023-08-29T18:32:25","date_gmt":"2023-08-29T16:32:25","guid":{"rendered":"https:\/\/hay-formation-conseil.fr\/?page_id=14"},"modified":"2023-08-29T18:32:25","modified_gmt":"2023-08-29T16:32:25","slug":"pourquoi-un-stage-sur-le-stress","status":"publish","type":"page","link":"https:\/\/hay-formation-conseil.fr\/index.php\/pourquoi-un-stage-sur-le-stress\/","title":{"rendered":"Pourquoi un stage sur le stress"},"content":{"rendered":"\n<p>COMPRENDRE ET GERER LE STRESS<\/p>\n\n\n\n<p>POURQUOI LE SUJET INTERESSE ?<\/p>\n\n\n\n<p>La vie tr\u00e9pidante, les rythmes soutenus, les \u00e9volutions incessantes, autant de facteurs qui ne laissent plus le temps \u00e0 chacun de r\u00e9fl\u00e9chir sa vie. Le sentiment d&#8217;\u00eatre pris dans un tourbillon nous fait subir, plus que choisir, les \u00e9v\u00e9nements. Le mot stress , largement utilis\u00e9, vient r\u00e9sumer ce malaise qui ronge certains.<\/p>\n\n\n\n<p><br>A QUI LA FAUTE ?<\/p>\n\n\n\n<p>Nous pouvons accuser le fonctionnement actuel de notre soci\u00e9t\u00e9 mais ce n&#8217;est certainement pas la seule raison puisque ce mal ne touche pas tout le monde. Pourquoi certains plus stress\u00e9s que d&#8217;autres? , il semble plus judicieux de chercher les origines du stress chez l&#8217;individu lui-m\u00eame, sa mani\u00e8re de percevoir son environnement. Bien souvent le sentiment de stress nous vient lorsque nous percevons un danger, qu&#8217;il soit physique ou psychologique. Nos r\u00e9actions biologiques sont alors les m\u00eames, l&#8217;adr\u00e9naline, parmi d&#8217;autres hormones, vient mettre en \u00e9tat d&#8217;alerte notre organisme. C&#8217;est ce que nous poss\u00e9dons pour r\u00e9agir efficacement face aux difficult\u00e9s, ici le stress nous aide. A contrario, la souffrance arrive lorsque les difficult\u00e9s s&#8217;accompagnent d&#8217;un sentiment d&#8217;impuissance.<\/p>\n\n\n\n<p><br>QUOI FAIRE ?<\/p>\n\n\n\n<p>La volont\u00e9 d&#8217;agir de mani\u00e8re rationnelle sur un probl\u00e8me en utilisant sa facult\u00e9 d&#8217;analyse et sa capacit\u00e9 \u00e0 chercher des solutions est un moyen efficace de r\u00e9duire une tension \u00e9motionnelle. Une deuxi\u00e8me perspective est d&#8217;agir directement sur la tension elle-m\u00eame en pratiquant des activit\u00e9s qui procurent du plaisir, \u00e0 chacun de trouver sa formule.<\/p>\n\n\n\n<p><br>IL VAUT MIEUX PREVENIR QUE GUERIR<\/p>\n\n\n\n<p>Pr\u00e9venir une situation de stress, c&#8217;est d&#8217;abord apprendre \u00e0 s&#8217;\u00e9couter, \u00e0 \u00eatre attentif \u00e0 ses r\u00e9actions physiques et psychologiques du moment afin de r\u00e9agir au plus t\u00f4t face aux dangers per\u00e7us. Vient ensuite une r\u00e9flexion sur ses valeurs et ses besoins, se diriger \u00e0 contre-sens de notre nature \u00e9puise. Pour terminer, la dimension biologique du stress nous incite \u00e0 comprendre que l&#8217;hygi\u00e8ne de vie en g\u00e9n\u00e9ral influence \u00e9norm\u00e9ment notre capacit\u00e9 de r\u00e9action.<\/p>\n\n\n\n<p><br>UNE VIE SANS STRESS ?<\/p>\n\n\n\n<p>Il est illusoire de penser une vie sans stress. Au contraire, il est facteur de d\u00e9veloppement pour chacun. Les grandes satisfactions de notre vie sont souvent cons\u00e9cutives \u00e0 des moments de stress intenses. Il s&#8217;agit de prendre patience et d&#8217;\u00e9carter, petit \u00e0 petit, ce qui ne nous correspond pas et de trouver dans le stress une source d&#8217;\u00e9nergie indispensable \u00e0 notre motivation.<\/p>\n\n\n\n<p><br>La finalit\u00e9 du stage sera d&#8217;identifier nos propres sources de tension et d&#8217;analyser la notion de danger qui s&#8217;y rattache.<\/p>\n","protected":false},"excerpt":{"rendered":"<p>COMPRENDRE ET GERER LE STRESS POURQUOI LE SUJET INTERESSE ? La vie tr\u00e9pidante, les rythmes soutenus, les \u00e9volutions incessantes, autant de facteurs qui ne laissent plus le temps \u00e0 chacun de r\u00e9fl\u00e9chir sa vie. Le sentiment d&#8217;\u00eatre pris dans un tourbillon nous fait subir, plus que choisir, les \u00e9v\u00e9nements. Le mot stress , largement utilis\u00e9, [&hellip;]<\/p>\n","protected":false},"author":1,"featured_media":0,"parent":0,"menu_order":0,"comment_status":"closed","ping_status":"closed","template":"","meta":{"footnotes":""},"class_list":["post-14","page","type-page","status-publish","hentry"],"_links":{"self":[{"href":"https:\/\/hay-formation-conseil.fr\/index.php\/wp-json\/wp\/v2\/pages\/14","targetHints":{"allow":["GET"]}}],"collection":[{"href":"https:\/\/hay-formation-conseil.fr\/index.php\/wp-json\/wp\/v2\/pages"}],"about":[{"href":"https:\/\/hay-formation-conseil.fr\/index.php\/wp-json\/wp\/v2\/types\/page"}],"author":[{"embeddable":true,"href":"https:\/\/hay-formation-conseil.fr\/index.php\/wp-json\/wp\/v2\/users\/1"}],"replies":[{"embeddable":true,"href":"https:\/\/hay-formation-conseil.fr\/index.php\/wp-json\/wp\/v2\/comments?post=14"}],"version-history":[{"count":1,"href":"https:\/\/hay-formation-conseil.fr\/index.php\/wp-json\/wp\/v2\/pages\/14\/revisions"}],"predecessor-version":[{"id":15,"href":"https:\/\/hay-formation-conseil.fr\/index.php\/wp-json\/wp\/v2\/pages\/14\/revisions\/15"}],"wp:attachment":[{"href":"https:\/\/hay-formation-conseil.fr\/index.php\/wp-json\/wp\/v2\/media?parent=14"}],"curies":[{"name":"wp","href":"https:\/\/api.w.org\/{rel}","templated":true}]}}